{"id":146,"date":"2018-01-13T17:26:14","date_gmt":"2018-01-13T17:26:14","guid":{"rendered":"http:\/\/scow.website\/?page_id=146"},"modified":"2024-01-30T18:18:00","modified_gmt":"2024-01-30T18:18:00","slug":"impressum","status":"publish","type":"page","link":"https:\/\/whippet-windspielclub.ch\/?page_id=146","title":{"rendered":"Impressum &#038; Datenschutz"},"content":{"rendered":"<div class=\" et_pb_row et_pb_row_0\">\n<div class=\"et_pb_column et_pb_column_4_4 et_pb_column_0\">\n<div class=\"et_pb_text et_pb_module et_pb_bg_layout_light et_pb_text_align_left et_pb_text_0\">\n<div class=\"entry-content\">\n<div>\n<p>&nbsp;<\/p>\n<p><span style=\"font-family: helvetica, arial, sans-serif; font-size: 14pt;\"><strong>Haftungsausschluss:<\/strong><\/span><br \/>\n<span style=\"font-family: helvetica, arial, sans-serif; font-size: 14pt;\"> Der SCOW \u00fcbernimmt keinerlei Haftung f\u00fcr die bereitgestellten Informationen, weder \u00fcber deren Aktualit\u00e4t, Richtigkeit oder Vollst\u00e4ndigkeit. Die bereitgestellten Informationen auf dieser Internetseite wurden zwar sorgf\u00e4ltig gepr\u00fcft und werden regelm\u00e4ssig aktualisiert. Der SCOW kann jedoch keinerlei Garantie daf\u00fcr \u00fcbernehmen, dass alle Angaben zu jeder Zeit vollst\u00e4ndig, richtig und aktuell dargestellt werden. F\u00fcr den Inhalt verlinkter Webseiten sind ausschliesslich deren Betreiber verantwortlich, der SCOW lehnt jede Verantwortung ab.<\/span><\/p>\n<p>&nbsp;<\/p>\n<p><span style=\"font-family: helvetica, arial, sans-serif; font-size: 14pt;\"><strong>Datenschutz:<\/strong><\/span><br \/>\n<span style=\"font-family: helvetica, arial, sans-serif; font-size: 14pt;\"> Alle pers\u00f6nlichen Daten werden vom SCOW streng vertraulich behandelt. Diese werden weder weiter gegeben noch an Dritte verkauft.<\/span><\/p>\n<p><strong>Datenschutzerkl\u00e4rung<\/strong><br \/>\n1 Datenschutzerkl\u00e4rung<br \/>\nDie vorliegende Datenschutzerkl\u00e4rung kl\u00e4rt Sie \u00fcber die Art, den Umfang und den Zweck der Erhebung und Verwendung personenbezogener Daten auf unserer Website www.scow.website (im Folgenden \u201eWebsite\u201c) durch den Schweizer Club orientalischer Windhunde (im Folgenden \u201ewir\u201c oder \u201euns\u201c) auf und gibt \u00fcber die Ihnen zustehenden Rechte Auskunft. Diese Rechte richten sich nach den anwendbaren Datenschutzgesetzen.<\/p>\n<p>2 Verantwortlicher f\u00fcr die Datenbearbeitung<br \/>\nVerantwortlicher f\u00fcr die Datenbearbeitung auf dieser Website und Ansprechpartner f\u00fcr Datenschutzanliegen ist:<br \/>\nSchweizer Club orientalischer Windhunde (SCOW)<br \/>\nBarbara Elsener-Herrmann<br \/>\nSternenweg 4, 6340 Baar<br \/>\nTel G: +41 41 720 15 15<br \/>\n&#x70;&#114;&#x61;&#x65;s&#x69;&#100;e&#x6e;&#116;&#64;&#x73;&#99;&#x6f;&#x77;&#46;&#x77;&#101;b&#x73;&#105;t&#x65;<\/p>\n<p>3 Datenerfassung auf dieser Website<br \/>\n3.1 Logfiles<br \/>\nUnsere Webseite wird von Metanet AG gehostet.<br \/>\nZur Optimierung und Aufrechterhaltung unserer Webseite protokollieren wir technische Fehler, die beim Aufrufen unserer Webseite allenfalls auftreten. Ferner werden bei der Nutzung dieser Webseite automatisch Informationen erhoben, die der Browser Ihres Endger\u00e4ts an unseren Host-Provider \u00fcbermittelt. Dies sind:<br \/>\nIP-Adresse und Betriebssystem Ihres Endger\u00e4ts, Browsertyp, Version, Sprache<br \/>\nDatum und Uhrzeit der Serveranfrage, aufgerufene Datei,<br \/>\ndie Webseite, von der aus der Zugriff erfolgte (Referrer URL), den Status-Code (z.B. 404) und<br \/>\ndas verwendete \u00dcbertragungsprotokoll (z.B. HTTP\/2).<br \/>\nDiese Daten werden von unserem Host-Provider erhoben und gespeichert, um Prozesse und Abl\u00e4ufe insbesondere in Zusammenhang mit der Nutzung unserer Webseite und der Sicherheit und Stabilit\u00e4t des Computersystems optimieren zu k\u00f6nnen.<br \/>\nWeitere Informationen finden Sie in der Datenschutzerkl\u00e4rung der Metanet AG unter <a href=\"https:\/\/www.metanet.ch\/de\/ueber-metanet\/datenschutzerklaerung\">Datenschutzerkl\u00e4rung &#8211; METANET<\/a><u>.<\/u><br \/>\nSofern die DSGVO anwendbar ist, sind Grundlage f\u00fcr diese Datenbearbeitung Art. 6 Abs. 1 lit. f DSGVO.<\/p>\n<p>3.2 Kontaktformular<br \/>\nWenn Sie unser Kontaktformular benutzen, werden Ihre Angaben aus dem Anfrageformular zur Bearbeitung der Anfrage und f\u00fcr den Fall von Anschlussfragen von uns bearbeitet. In der Regel ben\u00f6tigen wir folgende Angaben:<br \/>\nVor- und Nachname<br \/>\nFirma<br \/>\nE-Mail-Adresse<br \/>\nAdresse<br \/>\nTelefonnummer<br \/>\nBetreff<br \/>\nNachrichteninhalt<br \/>\nWir verwenden die von Ihnen mitgeteilten Daten, um Ihre Anfrage zu beantworten. Sofern die DSGVO anwendbar ist, sind Grundlage f\u00fcr diese Datenbearbeitung Art. 6 Abs. 1 lit. f DSGVO.<\/p>\n<p>3.3 Cookies<br \/>\nWir setzen auf unserer Webseite Cookies ein. Cookies sind kleine Dateien, die auf Ihrem Endger\u00e4t abgelegt werden und die Ihr Browser speichert. Einige der von uns verwendeten Cookies werden automatisch gel\u00f6scht, wenn Sie unsere Webseite verlassen. Andere Cookies bleiben auf Ihrem Endger\u00e4t gespeichert, bis Sie diese l\u00f6schen oder bis sie ablaufen. Diese Cookies erm\u00f6glichen es, Ihren Browser beim n\u00e4chsten Besuch unserer Webseite wiederzuerkennen.<br \/>\nIn Ihrem Browser k\u00f6nnen Sie einstellen, dass Sie \u00fcber das Setzen von Cookies vorab informiert werden und im Einzelfall entscheiden k\u00f6nnen, ob Sie die Annahme von Cookies f\u00fcr bestimmte F\u00e4lle oder generell ausschliessen, oder dass Cookies komplett verhindert werden. Dadurch kann die Funktionalit\u00e4t der Webseite eingeschr\u00e4nkt werden.<br \/>\nCookies, die f\u00fcr den elektronischen Kommunikationsvorgang oder von Ihnen gew\u00fcnschte Funktionen erforderlich sind oder Ihr Benutzererlebnis optimieren, werden \u2013 sofern die DSGVO anwendbar ist \u2013 auf Grundlage von Art. 6 Abs. 1 lit. f DSGVO gespeichert.<\/p>\n<p>3.4 Newsletter<br \/>\nWir bieten &#8222;noch keinen&#8220; Newsletter an, den Sie abonnieren k\u00f6nnen. Wenn Sie sich sp\u00e4ter f\u00fcr den Newsletter anmelden, so erfassen wir mindestens Ihre E-Mail-Adresse. Unser externer Newsletter-Dienstleister kann weitere Daten erfassen; wir verweisen hierzu auf seine Datenschutzerkl\u00e4rung (siehe unten).<br \/>\nWir verwenden Ihre E-Mail-Adresse, um Ihnen den Newsletter per E-Mail zuzustellen. Sofern die DSGVO anwendbar ist, ist Grundlage f\u00fcr die Datenbearbeitung Art. 6 Abs. 1 lit. f DSGVO.<\/p>\n<p>3.5 Newsletter-Analytics<br \/>\nWir nutzen einen Analysedienst, um die Reichweite unseres Newsletters zu messen. Gemessen wird, wie oft der Newsletter ge\u00f6ffnet wird und welchen Links der Empf\u00e4nger folgt.<br \/>\nSofern die DSGVO anwendbar ist, ist Grundlage f\u00fcr die Datenbearbeitung Art. 6 Abs. 1 lit. f DSGVO.<\/p>\n<p>3.6 Registrierung<br \/>\nWenn Sie auf unserer Webseite ein Konto er\u00f6ffnen, werden die von Ihnen eingegebenen Informationen gespeichert. Wir erfassen folgende Angaben:<br \/>\nVor- und Nachname<br \/>\nFirma<br \/>\nE-Mail-Adresse<br \/>\nAdresse<br \/>\nTelefonnummer<br \/>\nWir verwenden die Daten, um Ihnen das Konto zur Verf\u00fcgung stellen zu k\u00f6nnen. Sofern die DSGVO anwendbar ist, sind Grundlage f\u00fcr diese Datenbearbeitung Art. 6 Abs. 1 lit. b und f DSGVO.<\/p>\n<p>4 Externe Dienste<br \/>\nAuf unserer Website setzen wir verschiedene Dienste von Drittanbietern ein. Nachfolgend legen wir im Einzelnen dar, um welche Dienste es sich handelt, wof\u00fcr wir sie einsetzen und welche Daten gesammelt werden.<\/p>\n<p>4.1 TEMPLATE F\u00dcR EXTERNE DIENSTE<br \/>\nWir nutzen die Produkte von Metanet AG.<br \/>\nSofern die DSGVO anwendbar ist, ist Grundlage f\u00fcr die Datenbearbeitung Art. 6 Abs. 1 lit. a<br \/>\nDSGVO oder Art. 6 Abs. 1 lit. b DSGVO oder Art. 6 Abs. 1 lit. f DSGVO. Die Datenschutzerkl\u00e4rung von Metanet AG finden Sie unter <a href=\"https:\/\/www.metanet.ch\/de\/ueber-metanet\/datenschutzerklaerung\">Datenschutzerkl\u00e4rung &#8211; METANET<\/a><\/p>\n<p>5 Links<br \/>\nAuf unserer Website finden Sie Links auf Seiten von Drittanbietern. Wir sind nicht verantwortlich f\u00fcr die Inhalte und Datenschutzvorkehrungen auf externen Webseiten, welche Sie \u00fcber die Links erreichen k\u00f6nnen. Bitte informieren Sie sich \u00fcber den Datenschutz direkt auf den entsprechenden Webseiten.<\/p>\n<p>6 Weitergabe von Daten an Dritte<br \/>\nDamit wir Ihnen die Informationen auf unserer Webseite anbieten k\u00f6nnen, arbeiten wir mit verschiedenen Dienstleistern zusammen, namentlich mit IT-Dienstleistern, um Ihnen eine zeitgem\u00e4sse Webseite anbieten zu k\u00f6nnen. Diese verwenden Ihre Daten nur im Rahmen der Auftragsabwicklungen f\u00fcr uns.<br \/>\nMit Ausnahme der Bestimmungen in Ziffer 3.4 dieser Datenschutzerkl\u00e4rung, nehmen wir eine Daten\u00fcbermittlung an Stellen ausserhalb der Schweiz und der Europ\u00e4ischen Union (Drittstaat) ohne Ihre Einwilligung nur vor, sofern dies nach dem jeweiligen Vertrag erforderlich ist, zur Erf\u00fcllung gesetzlicher Verpflichtungen oder zur Wahrung unserer berechtigten Interessen.<\/p>\n<p>7 Ihre Rechte<br \/>\nSoweit von dem auf Sie anwendbaren Datenschutzrecht vorgesehen, k\u00f6nnen Sie unentgeltlich Auskunft \u00fcber die auf Sie bezogenen gespeicherten Daten, deren Herkunft und Empf\u00e4nger und den Zweck der Datenbearbeitung verlangen. Ebenso steht Ihnen unter den gesetzlichen Voraussetzungen ein Recht auf Berichtigung, L\u00f6schung, Einschr\u00e4nkung der oder gegen die Bearbeitung sowie, sofern die DSGVO zur Anwendung gelangt, auf dieser Daten zur \u00dcbertragung an eine andere Stelle zu.<br \/>\nEine von Ihnen erteilte Einwilligung k\u00f6nnen Sie mit Wirkung f\u00fcr die Zukunft jederzeit widerrufen. Dazu reicht eine formlose Mitteilung per E-Mail an uns.<br \/>\nBitte beachten Sie, dass die vorstehenden Rechte gesetzlichen Einschr\u00e4nkungen unterstehen und ggf. die Erbringung unserer Dienstleistungen beeintr\u00e4chtigen oder verunm\u00f6glichen k\u00f6nnen.<br \/>\nSie sind berechtigt, Ihre Anspr\u00fcche gerichtlich durchzusetzen oder eine Beschwerde bei der zust\u00e4ndigen Datenschutzbeh\u00f6rde einzureichen. F\u00fcr die Schweiz ist der Eidgen\u00f6ssische Datenschutz- und \u00d6ffentlichkeitsbeauftragte zust\u00e4ndig (http:\/\/www.edoeb.admin.ch).<\/p>\n<p>8 Aktualit\u00e4t und \u00c4nderung dieser Datenschutzerkl\u00e4rung<br \/>\nWir k\u00f6nnen diese Datenschutzerkl\u00e4rung jederzeit \u00e4ndern oder anpassen. Die aktuelle Datenschutzerkl\u00e4rung kann auf scow.website abgerufen werden.<\/p>\n<p>&nbsp;<\/p>\n<p><span style=\"font-family: helvetica, arial, sans-serif; font-size: 14pt;\"><strong>Copyright &amp; Urheberrecht: <\/strong><\/span><br \/>\n<span style=\"font-family: helvetica, arial, sans-serif; font-size: 14pt;\"> \u00a9 seit 2014 | alle Rechte vorbehalten<\/span><br \/>\n<span style=\"font-family: helvetica, arial, sans-serif; font-size: 14pt;\"> Layout, Gestaltung und Inhalte dieser Internetseite unterliegen dem Urheberrecht und sind gesch\u00fctzt. Alle Texte, Bilder und Grafiken sind geistiges Eigentum vom SCOW oder den Fotografen und d\u00fcrfen in keinem Fall ohne schriftliche Genehmigung durch den Betreiber der Internetseite andersweitig verwendet werden.<\/span><\/p>\n<p>&nbsp;<\/p>\n<p><span style=\"font-family: helvetica, arial, sans-serif; font-size: 14pt;\"><strong>Gestaltung &amp; Programmierung dieser Internetseite:<\/strong><\/span><br \/>\n<span style=\"font-family: helvetica, arial, sans-serif; font-size: 14pt;\"> <a href=\"&#101;&#x6c;&#x73;e&#110;&#x65;&#x72;&#64;&#102;&#x69;b&#117;&#x74;&#x69;m&#101;&#x2e;g&#109;&#x62;&#x68;\">Fibu Time GmbH<\/a><\/span><\/p>\n<\/div>\n<\/div>\n<\/div>\n<\/div>\n<\/div>\n","protected":false},"excerpt":{"rendered":"<p>&nbsp; Haftungsausschluss: Der SCOW \u00fcbernimmt keinerlei Haftung f\u00fcr die bereitgestellten Informationen, weder \u00fcber deren Aktualit\u00e4t, Richtigkeit oder Vollst\u00e4ndigkeit. Die bereitgestellten Informationen auf dieser Internetseite wurden zwar sorgf\u00e4ltig gepr\u00fcft und werden&hellip;<\/p>\n","protected":false},"author":1,"featured_media":0,"parent":0,"menu_order":0,"comment_status":"closed","ping_status":"closed","template":"","meta":{"ngg_post_thumbnail":0,"footnotes":""},"class_list":["post-146","page","type-page","status-publish","hentry"],"_links":{"self":[{"href":"https:\/\/whippet-windspielclub.ch\/index.php?rest_route=\/wp\/v2\/pages\/146","targetHints":{"allow":["GET"]}}],"collection":[{"href":"https:\/\/whippet-windspielclub.ch\/index.php?rest_route=\/wp\/v2\/pages"}],"about":[{"href":"https:\/\/whippet-windspielclub.ch\/index.php?rest_route=\/wp\/v2\/types\/page"}],"author":[{"embeddable":true,"href":"https:\/\/whippet-windspielclub.ch\/index.php?rest_route=\/wp\/v2\/users\/1"}],"replies":[{"embeddable":true,"href":"https:\/\/whippet-windspielclub.ch\/index.php?rest_route=%2Fwp%2Fv2%2Fcomments&post=146"}],"version-history":[{"count":6,"href":"https:\/\/whippet-windspielclub.ch\/index.php?rest_route=\/wp\/v2\/pages\/146\/revisions"}],"predecessor-version":[{"id":5606,"href":"https:\/\/whippet-windspielclub.ch\/index.php?rest_route=\/wp\/v2\/pages\/146\/revisions\/5606"}],"wp:attachment":[{"href":"https:\/\/whippet-windspielclub.ch\/index.php?rest_route=%2Fwp%2Fv2%2Fmedia&parent=146"}],"curies":[{"name":"wp","href":"https:\/\/api.w.org\/{rel}","templated":true}]}}