{"id":2641,"date":"2020-01-24T07:35:08","date_gmt":"2020-01-24T07:35:08","guid":{"rendered":"http:\/\/scow.website\/?page_id=2641"},"modified":"2022-06-23T09:40:10","modified_gmt":"2022-06-23T09:40:10","slug":"statuten-reglemente","status":"publish","type":"page","link":"https:\/\/whippet-windspielclub.ch\/?page_id=2641","title":{"rendered":"Statuten &#038; Reglemente"},"content":{"rendered":"\n\n\t<p><strong>Statuten &amp; Reglemente<\/strong><\/p>\n<p><strong>Hinweis: <\/strong>Alle PDF werden in einem neuen Fenster ge\u00f6ffnet.<\/p>\n<p>&nbsp;<\/p>\n<p><a href=\"https:\/\/whippet-windspielclub.ch\/wp-content\/uploads\/2022\/01\/Statuten-08.06.2021-per-01.01.2022.pdf\" target=\"_blank\" rel=\"noopener\">Statuten 08.06.2021<\/a> g\u00fcltig ab 01.01.2022 (PDF)<\/p>\n<p><a href=\"http:\/\/scow.website\/?page_id=748\" rel=\"noopener\">Beitragsreglement<\/a><\/p>\n<p>&nbsp;<\/p>\n<p><a href=\"https:\/\/whippet-windspielclub.ch\/wp-content\/uploads\/2022\/01\/Zuchtreglement-08.06.2021-per-01.01.2022.pdf\" target=\"_blank\" rel=\"noopener\">Zuchtreglement 08.06.2021<\/a> g\u00fcltig ab 01.01.2022 (PDF)<\/p>\n<p><a href=\"http:\/\/scow.website\/?page_id=398\" rel=\"noopener\">Geb\u00fchrenreglement<\/a><\/p>\n<p>&nbsp;<\/p>\n<p>Formular <a href=\"https:\/\/whippet-windspielclub.ch\/wp-content\/uploads\/2022\/01\/Beitrittsgesuch-SCOW.pdf\" target=\"_blank\" rel=\"noopener\">Beitrittsgesuch<\/a> (PDF)<\/p>\n<p>Formular <a href=\"https:\/\/whippet-windspielclub.ch\/wp-content\/uploads\/2022\/01\/Besta\u0308tigung-Sololauf-fu\u0308r-CH-Champion.pdf\" target=\"_blank\" rel=\"noopener\">Besta\u0308tigung Sololauf fu\u0308r CH-Champion<\/a> (PDF)<\/p>\n<p>&nbsp;<\/p>\n<p><a href=\"https:\/\/whippet-windspielclub.ch\/wp-content\/uploads\/2022\/02\/20220205-Reglement-Jahreswertung-\u201eTop-Ten.pdf\" target=\"_blank\" rel=\"noopener\">Reglement Jahreswertung Top Ten<\/a> (PDF)<\/p>\n<p><a href=\"https:\/\/whippet-windspielclub.ch\/wp-content\/uploads\/2022\/02\/20220205-Reglement-Wertung-fu\u0308r-Scho\u0308nheit-und-Leistung-S-und-L.pdf\" target=\"_blank\" rel=\"noopener\">Reglement Scho\u0308nheit und Leistung (S &amp; L)<\/a> (PDF)<\/p>\n<p><a href=\"https:\/\/whippet-windspielclub.ch\/wp-content\/uploads\/2022\/02\/20220205-Reglement-Club-Champion-S-und-L.pdf\" target=\"_blank\" rel=\"noopener\">Reglement Club-Champion (S &amp; L)<\/a> (PDF)<\/p>\n<p>&nbsp;<\/p>\n<p><a href=\"https:\/\/whippet-windspielclub.ch\/wp-content\/uploads\/2022\/06\/Anforderungen-fu\u0308r-Schweizer-Rasseklub-Ausstellungs-Champion-Stand-01.01.2022.pdf\" target=\"_blank\" rel=\"noopener\">Anforderungen fu\u0308r Schweizer Rasseklub-Ausstellungs-Champion<\/a> (PDF)<\/p>\n<a href=\"https:\/\/whippet-windspielclub.ch\/wp-content\/uploads\/2022\/06\/Anforderungen-fu\u0308r-Schweizer-Scho\u0308nheits-Champion-Stand-29.04.2022.pdf\" target=\"_blank\" rel=\"noopener\">Schweizer-Scho\u0308nheits-Champions<\/a> (Bedingungen\/Anforderungen)<br \/>\n=&gt; weitere Details sind direkt bei der <a href=\"https:\/\/www.skg.ch\/homologationsantrag\" target=\"_blank\" rel=\"noopener\">SKG<\/a> zu erfahren (Ausstellung -&gt; Homologationsantrag)\n<p>&nbsp;<\/p>\n<p>&nbsp;<\/p>\n\n","protected":false},"excerpt":{"rendered":"<p>Statuten &amp; Reglemente Hinweis: Alle PDF werden in einem neuen Fenster ge\u00f6ffnet. &nbsp; Statuten 08.06.2021 g\u00fcltig ab 01.01.2022 (PDF) Beitragsreglement &nbsp; Zuchtreglement 08.06.2021 g\u00fcltig ab 01.01.2022 (PDF) Geb\u00fchrenreglement &nbsp; Formular&hellip;<\/p>\n","protected":false},"author":1,"featured_media":0,"parent":0,"menu_order":0,"comment_status":"closed","ping_status":"closed","template":"","meta":{"ngg_post_thumbnail":0,"footnotes":""},"class_list":["post-2641","page","type-page","status-publish","hentry"],"_links":{"self":[{"href":"https:\/\/whippet-windspielclub.ch\/index.php?rest_route=\/wp\/v2\/pages\/2641","targetHints":{"allow":["GET"]}}],"collection":[{"href":"https:\/\/whippet-windspielclub.ch\/index.php?rest_route=\/wp\/v2\/pages"}],"about":[{"href":"https:\/\/whippet-windspielclub.ch\/index.php?rest_route=\/wp\/v2\/types\/page"}],"author":[{"embeddable":true,"href":"https:\/\/whippet-windspielclub.ch\/index.php?rest_route=\/wp\/v2\/users\/1"}],"replies":[{"embeddable":true,"href":"https:\/\/whippet-windspielclub.ch\/index.php?rest_route=%2Fwp%2Fv2%2Fcomments&post=2641"}],"version-history":[{"count":48,"href":"https:\/\/whippet-windspielclub.ch\/index.php?rest_route=\/wp\/v2\/pages\/2641\/revisions"}],"predecessor-version":[{"id":4215,"href":"https:\/\/whippet-windspielclub.ch\/index.php?rest_route=\/wp\/v2\/pages\/2641\/revisions\/4215"}],"wp:attachment":[{"href":"https:\/\/whippet-windspielclub.ch\/index.php?rest_route=%2Fwp%2Fv2%2Fmedia&parent=2641"}],"curies":[{"name":"wp","href":"https:\/\/api.w.org\/{rel}","templated":true}]}}