{"id":3065,"date":"2021-02-25T07:03:09","date_gmt":"2021-02-25T07:03:09","guid":{"rendered":"http:\/\/scow.website\/?page_id=3065"},"modified":"2023-05-15T10:28:23","modified_gmt":"2023-05-15T10:28:23","slug":"club-events-2021","status":"publish","type":"page","link":"https:\/\/whippet-windspielclub.ch\/?page_id=3065","title":{"rendered":"Club-Events 2021"},"content":{"rendered":"\n<p><strong>Bereits schon vorbei &#8230;.<\/strong><\/p>\n\t<p><strong>Club-Solorennen 2021<\/strong><\/p>\n<table width=\"672\">\n<tbody>\n<tr>\n<td>Wann<\/td>\n<td>Samstag, <strong>16. Oktober 2021<\/strong><\/td>\n<\/tr>\n<tr>\n<td>Wo<\/td>\n<td><a href=\"https:\/\/www.wrk.li\/\" target=\"_blank\" rel=\"noopener\">Kleind\u00f6ttingen<\/a><\/td>\n<\/tr>\n<tr>\n<td>Rassen<\/td>\n<td>&nbsp;&#8211; Saluki<br>\n&#8211; Sloughi<br>\n&#8211; Afghanischer Windhund<br>\n&#8211; Azawakh<\/td>\n<\/tr>\n<tr>\n<td>Rennleitung<\/td>\n<td>Vanessa Kunz (Rennleitung WRK)<\/td>\n<\/tr>\n<tr>\n<td>Medeschluss<\/td>\n<td>Mittwoch, 13. Oktober 2021, 20.00 Uhr eingehende<\/td>\n<\/tr>\n<\/tbody>\n<\/table>\n<p>&nbsp;<\/p>\n<p>Die&nbsp;<a href=\"https:\/\/whippet-windspielclub.ch\/wp-content\/uploads\/2021\/09\/20210922-Ausschreibung-SCOW-Solorennen-16.10.2021.pdf\" target=\"_blank\" rel=\"noopener\">Ausschreibung<\/a> und die <a href=\"https:\/\/forms.gle\/KnVxVzHjyw1SWmi49\" target=\"_blank\" rel=\"noopener\">Online-Meldung<\/a> direkt beim WRK sind jetzt aufgeschaltet!<\/p>\n<p>Wir freuen uns auf zahlreiche Anmeldungen f\u00fcr unser Club-Solorennen beim WRK!<\/p>\n\t<strong>ZuchtZulassungPr\u00fcfung <br>\n<\/strong>\n<p>Die n\u00e4chste Ank\u00f6rung findet am Samstag, <strong>18. September 2021<\/strong>, in Olten auf dem Gel\u00e4nde des <a href=\"https:\/\/www.kvso.ch\/kontakt\/\" target=\"_blank\" rel=\"noopener\">KV S\u00e4li<\/a> statt.<\/p>\n<p>Meldungen per <a href=\"http:\/\/scow.website\/?page_id=388\">Online<\/a> bis sp\u00e4testens <strong>20. August 2021<\/strong>!<\/p>\n\t<p><strong>Resultate Club-Coursing 12.09.2021<\/strong><\/p>\n<p>Die Restultate unseres Club-Coursings beim CAS sind unter \u201eResultate&#8220; =&gt; <a href=\"https:\/\/whippet-windspielclub.ch\/?page_id=3094\" target=\"_blank\" rel=\"noopener\">Coursing 2021<\/a> aufgeschaltet.<\/p>\n<p>Herzlichen Gl\u00fcckwunsch allen Gewinnern.<\/p>\n<p>14. September 2021<\/p>\n<strong>Club-Coursing 2021<br>\n<\/strong>\n<p>*****&nbsp;&nbsp;&nbsp;Alle Orientalen sind herzlich Willkommen, Mitglieder wie auch Nicht-Mitglieder&nbsp;&nbsp;*****<\/p>\n<table width=\"868\">\n<tbody>\n<tr>\n<td>Wann<\/td>\n<td>Sonntag, <strong>12. September 2021<\/strong><\/td>\n<\/tr>\n<tr>\n<td>Veranstalter<br>\n<\/td>\n<td>Club Azawakh Swiss ( CAS ) <a href=\"https:\/\/azawakh.ch\/\" target=\"_blank\" rel=\"noopener\">www.azawakh.ch<\/a><\/td>\n<\/tr>\n<tr>\n<td>Wo<\/td>\n<td>Grossrieden \/ Aedermannsdorf<\/td>\n<\/tr>\n<tr>\n<td>Richter<\/td>\n<td><strong>Gerd Zekert<\/strong> (Deutschland)<\/td>\n<\/tr>\n<tr>\n<td>Meldeschluss<\/td>\n<td><strong>09. September 2021<\/strong><\/td>\n<\/tr>\n<tr>\n<td>Ausschreibung<\/td>\n<td><a href=\"https:\/\/whippet-windspielclub.ch\/wp-content\/uploads\/2021\/09\/CAS-Ausschreibung-2021.pdf\" target=\"_blank\" rel=\"noopener\">PDF-Ausschreibung<\/a><\/td>\n<\/tr>\n<tr>\n<td>Links zur ONLINE<\/td>\n<td><a href=\"https:\/\/www.coursingevent.ch\/anmelden\/aziundplausch.html\" target=\"_blank\" rel=\"noopener\">Ausschreibung<\/a><\/td>\n<\/tr>\n<\/tbody>\n<\/table>\n<p>&nbsp;<\/p>\n<p>Wir freuen uns auf zahlreiche Anmeldungen f\u00fcr das Club-Coursing!<\/p>\n\t<p><strong>Resultate Orientalen Club-Winner-Show 21.08.2021<\/strong><\/p>\n<p>Die Restultate unserer Club-Winner-Show sind unter \u201eResultate&#8220; =&gt; <a href=\"https:\/\/whippet-windspielclub.ch\/?page_id=3128\">Austellungen 2021<\/a> aufgeschaltet.<\/p>\n<p>Herzlichen Gl\u00fcckwunsch allen Gewinnern.<\/p>\n<p>22. August 2021<\/p>\n<strong>Club-Winner-Show 2021<br>\n<\/strong>\n<p><strong>Meldezahlen der Orientalen Show vom 21. August 2021 in Lotzwil<\/strong><\/p>\n<p><strong>35<\/strong> Orientalen nehmen an der CAC-Ausstellung teil:<\/p>\n<table>\n<tbody>\n<tr>\n<td><strong>20<\/strong><\/td>\n<td><strong>&nbsp; Salukis<\/strong><\/td>\n<\/tr>\n<tr>\n<td><strong>6<\/strong><\/td>\n<td><strong>&nbsp; Sloughis<\/strong><\/td>\n<\/tr>\n<tr>\n<td><strong>9<\/strong><\/td>\n<td><strong>&nbsp; Afghanische Windhunde<\/strong><\/td>\n<\/tr>\n<tr>\n<td>0<\/td>\n<td>&nbsp; Azawakh<\/td>\n<\/tr>\n<\/tbody>\n<\/table>\n<em><strong><br>\nWir freuen uns auf euch und eure Hunde!<\/strong><\/em>\n<p><strong>Hier noch die Statistiken im \u00dcberblick:<\/strong><\/p>\n<p><img loading=\"lazy\" decoding=\"async\" src=\"https:\/\/whippet-windspielclub.ch\/wp-content\/uploads\/2021\/08\/20210817-Statistik-CWS-21.08.2021.jpg\" alt=\"Statistik CWS 21.08.2021\" width=\"1069\" height=\"180\"><\/p>\n<strong>Club-Winner-Show 2021<br>\n<\/strong>\n<p>*****&nbsp;&nbsp;&nbsp;Alle Orientalen sind herzlich Willkommen, Mitglieder wie auch Nicht-Mitglieder&nbsp;&nbsp;*****<\/p>\n<table width=\"868\">\n<tbody>\n<tr>\n<td>Wann<\/td>\n<td>Samstag, <strong>21. August 2021<\/strong><\/td>\n<\/tr>\n<tr>\n<td>Wo<\/td>\n<td><a href=\"https:\/\/www.windhundsportverein-bern.ch\/home\/\" target=\"_blank\" rel=\"noopener\">Lotzwil<\/a><\/td>\n<\/tr>\n<tr>\n<td>Rassen<\/td>\n<td>&#8211; Saluki<br>\n&#8211; Sloughi<br>\n&#8211; Azawakh<br>\n&#8211; Afghanische Windhunde<\/td>\n<\/tr>\n<tr>\n<td>Richter<\/td>\n<td><strong>Jean-Louis Grunheid<\/strong> (Frankreich)<\/td>\n<\/tr>\n<tr>\n<td>Auskunft<\/td>\n<td><a href=\"&#x6d;&#x61;&#x69;&#x6c;&#116;&#111;&#58;pr&#x61;&#x65;&#x73;&#x69;&#x64;&#101;&#110;&#116;&#64;s&#x63;&#x6f;&#x77;&#x2e;&#x77;&#101;&#98;&#115;it&#x65;\">Barbara Elsener-Herrmann<\/a><\/td>\n<\/tr>\n<tr>\n<td>Meldeschluss<\/td>\n<td><strong>12. August 2021<\/strong><\/td>\n<\/tr>\n<tr>\n<td>Ausschreibung<\/td>\n<td><a href=\"https:\/\/whippet-windspielclub.ch\/wp-content\/uploads\/2021\/06\/Ausschreibung-SCOW-ClubWinnerShow-2021.pdf\" target=\"_blank\" rel=\"noopener\">PDF-Ausschreibung<\/a><\/td>\n<\/tr>\n<tr>\n<td>Links zur ONLINE<\/td>\n<td><a href=\"https:\/\/www.swiss-clubshow.ch\/de\/events\/cac-club-winner-show-2021-2\/\" target=\"_blank\" rel=\"noopener\">Ausschreibung<\/a><\/td>\n<\/tr>\n<tr>\n\n<td><a href=\"https:\/\/www.doglle.com\/4daction\/w_detail_expo\/16091\/de\/\" target=\"_blank\" rel=\"noopener\">Meldung<\/a> \u00fcber DOGLLE<\/td>\n<\/tr>\n<\/tbody>\n<\/table>\n<p>&nbsp;<\/p>\n<p>Wir freuen uns auf zahlreiche Anmeldungen f\u00fcr die Club-Winner-Show-Ausstellung!<\/p>\n\t<p><strong>2. Ausserordentliche Generalversammlung 2021<\/strong><\/p>\n<p>Die Unterlagen zur 2. ausserordentlichen Generalversammlung vom 08.06.2021 wurden an alle Mitglieder per A-Post gesandt.<\/p>\n<p>Die Covid-Pandemie h\u00e4lt leider immer noch an und die Lage in der Schweiz ist nach wie vor angespannt. Deshalb hat sich der Vorstand entschieden, auch die 2. AO GV wie die GV&#8217;s davor ohne Pr\u00e4senz von Mitgliedern durchzuf\u00fchren.<\/p>\n<p>Mit den aktuellen Informationen rund um unseren Club und der Einladung wurde auch gleich das Protokoll der 1. ausserordentlichen Generalversammlung vom 1. Mai 2021 versandt.<\/p>\n<p>Seit geraumer Zeit stand es unausgesprochen im Raum, nun ging alles unerwartet schnell.<\/p>\n<p>Der Club Azawakh Swiss (CAS) hat seine Mitglieder \u00fcber 1. die Aufl\u00f6sung des Clubs oder 2. eine m\u00f6gliche Integration in den Schweizer Club Orientalischer Windhunde abstimmen lassen. Wir freuen uns sehr \u00fcber die Nachricht vom CAS, wonach dieser per schriftlicher Abstimmung mehrheitlich entschieden hat, seine Rasse in den SCOW integrieren zu wollen. Diese Aufnahme soll per 31.12.2021 erfolgen. Falls Sie als Mitglied damit einverstanden sind, dass der SCOW neben den Rassen Saluki und Sloughi neu auch die Rasse Azawakh betreut, muss dies mit einer weiteren ausserordentlichen Generalversammlung entschieden werden.<\/p>\n<p>Bis dato richtete der CAS einmal j\u00e4hrlich ein Coursing aus. Wir denken, dass es im Sinne der Mitglieder und Orientalischen Windhunde w\u00e4re, wenn wir das Coursing \u00fcbernehmen und weiterf\u00fchren w\u00fcrden. Auch dazu brauchen wir Ihre Zustimmung und Ihre Mithilfe. Das Datum f\u00fcr das Jahr 2022 ist provisorisch bereits durch des CAS reserviert. Der CAS hat uns seine Unterst\u00fctzung und Hilfe f\u00fcr die ersten zwei Jahre zugesichert und daf\u00fcr sind wir sehr dankbar.<\/p>\n<p>Wenn der SCOW diesen Anlass \u00fcbernehmen soll, ist dies nur mit einem Beitritt zur IGWR machbar (der CAS ist zurzeit noch Mitglied der IGWR), ansonsten wir dieses Coursing NICHT durchf\u00fchren k\u00f6nnen. Der Beitritt zur IGWR w\u00fcrde eine Erh\u00f6hung bei den zus\u00e4tzlichen Beitr\u00e4gen von CHF 6.00 ab 2022 mit sich bringen, daf\u00fcr m\u00fcsste man als Mitglied keinem Rennverein mehr beitreten.<\/p>\n<p>Unser 10-j\u00e4hriges Club-Jubil\u00e4um (2010-2020) steht noch aus. Wir m\u00f6chten dies anl\u00e4sslich eines speziellen Club-Events nachfeiern (sofern es die Covid-19-Situation dieses Jahr erlaubt). Bei dieser Gelegenheit k\u00f6nnten dann auch die Mitglieder des CAS willkommen geheissen werden, falls Sie der Integration zustimmen.<\/p>\n<p>Der Vorstand hat sich nochmals beraten und wir wollen versuchen, doch noch ein Jahresprogramm f\u00fcr unsere Mitglieder im 2021 unter Corona-Bedingungen auf die Beine zu stellen \u2026<\/p>\n<strong>Neuer Termin f\u00fcr unsere Club-Winner-Show 2021:<br>\n<\/strong>Termin:&nbsp;&nbsp;&nbsp;&nbsp;&nbsp;&nbsp;&nbsp;&nbsp; 21. August 2021 in Lotzwil mit Vergabe von 2 CAC<br>\n=&gt; Details folgen in K\u00fcrze per eMail und auf der Webseite\n<strong>Club-Solorennen 2021:<br>\n<\/strong>Termin:&nbsp;&nbsp;&nbsp;&nbsp;&nbsp;&nbsp;&nbsp;&nbsp; noch offen &#8230;<br>\n=&gt; Informationen folgen per eMail und auf der Webseite\n<strong>Club-Coursing 2021:<br>\n<\/strong>Termin:&nbsp;&nbsp;&nbsp;&nbsp;&nbsp;&nbsp;&nbsp;&nbsp; 12.09.2021, Aedermannsdorf<br>\nDurch die geplante Integration vom Club Azawakh Swiss in den SCOW m\u00f6chten wir unser Club-Coursing an ihrem Anlass vorsehen.\n<strong>Club-Event 2021:<br>\n<\/strong>Termin:&nbsp;&nbsp;&nbsp;&nbsp;&nbsp;&nbsp;&nbsp;&nbsp; Sp\u00e4therbst, je nach Covid-19-Situation<br>\n=&gt; Informationen folgen per eMail und auf der Webseite\n<p>Soweit die zahlreichen Neuigkeiten innerhalb vom SCOW.<\/p>\n<p>&nbsp;<\/p>\n<p>Wir bitten um Ihre wohlwollende Unterst\u00fctzung, damit die Integration der Rasse Azawakh m\u00f6glichst komplikationslos von statten gehen kann und freuen uns auf ein baldiges Wiedersehen mit Ihnen anl\u00e4sslich einer Windhundeveranstaltung.<\/p>\n<p>&nbsp;<\/p>\n<p><strong>Beschluss-Traktanden:<\/strong><\/p>\n<ol>\n<li>Bestimmung des Stimmenz\u00e4hlers durch den Vorstand<\/li>\n<li>Beschlussfassung \u00fcber die Integration einer weiteren Orientalischen Rasse Azawakh<\/li>\n<li>Beschlussfassung \u00fcber den Beitritt zur IGWR<\/li>\n<\/ol>\n<p>Mit der R\u00fccksendung des Abstimmungsformulars nehmen die Mitglieder ihr Stimmrecht gem\u00e4ss Statuten wahr.<\/p>\n<p>Der Vorstand dankt allen Mitgliedern f\u00fcr ihr Mitwirken.<\/p>\nIm Namen des Vorstandes<br>\nBarbara Elsener-Herrmann<br>\nPr\u00e4sidentin SCOW\n<p>Beilagen:<\/p>\n<ul>\n<li>Protokoll der 1. ausserordentliche Generalversammlung vom 01.05.2021<\/li>\n<li>Abstimmungsformular f\u00fcr die 2. ausserordentliche Generalversammlung<\/li>\n<li>Frankiertes R\u00fcckantwort-Couvert<\/li>\n<\/ul>\n\t<p><strong>1. Ausserordentliche Generalversammlung 2021<\/strong><\/p>\n<p>Die Unterlagen zur ausserordentlichen Generalversammlung vom 01.05.2021 wurden an alle Mitglieder per A-Post gesandt.<\/p>\n<p>Die Covid-19 Situation in der Schweiz ist nach wie vor angespannt. Deshalb hat sich der Vorstand entschieden, auch die AO GV wie die GV gem\u00e4ss der Covid-19 Verordnung des Bundes ohne Pr\u00e4senz von Mitgliedern durchzuf\u00fchren.<\/p>\n<p>Wie dem Protokoll der ordentlichen Generalversammlung vom 13. M\u00e4rz 2021 entnommen werde kann, sind Einsprachen zum Traktandum 10 eingegangen.<\/p>\n<p>Der Vorstand folgt den Einsprechenden und beruft eine ausserordentliche Generalversammlung ein mit dem Traktandum 10 der GV =&gt; Traktandum 2 der AO GV und l\u00e4dt alle Mitglieder zur schriftlichen Teilnahme ein.<\/p>\n<p><strong>Beschluss-Traktanden:<\/strong><\/p>\n<ol>\n<li>Bestimmung des Stimmenz\u00e4hlers durch den Vorstand<\/li>\n<li>Beschlussfassung \u00fcber Antr\u00e4ge des Vorstandes \/ der Mitglieder<\/li>\n<\/ol>\n&nbsp;&nbsp;&nbsp;&nbsp;&nbsp;&nbsp;&nbsp;&nbsp;&nbsp;&nbsp;&nbsp; Antrag zur Anpassung\/Erg\u00e4nzung Zuchtreglement SCOW<br>\n&nbsp;&nbsp;&nbsp;&nbsp;&nbsp;&nbsp;&nbsp;&nbsp;&nbsp;&nbsp;&nbsp; Traktanden 2.1 bis 2.13\n<p>Mit der R\u00fccksendung des Abstimmungsformulars nehmen die Mitglieder ihr Stimmrecht gem\u00e4ss Statuten wahr.<\/p>\n<p>Der Vorstand dankt allen Mitgliedern f\u00fcr ihr Mitwirken.<\/p>\nIm Namen des Vorstandes<br>\nBarbara Elsener-Herrmann<br>\nPr\u00e4sidentin SCOW\n<p>Beilagen:<\/p>\n<ul>\n<li>Informationen zur ausserordentlichen Generalversammlung<\/li>\n<li>Antrag Anpassung\/Erg\u00e4nzung Zuchtreglement mit Traktanden 2.1 bis 2.13<\/li>\n<li>Protokoll der GV vom 13.03.2021<\/li>\n<li>Einsprache 1: datiert 24.02.2021<\/li>\n<li>Einsprache 2: datiert 13.03.2021<\/li>\n<li>Abstimmungsformular f\u00fcr die ausserordentliche Generalversammlung<\/li>\n<li>Frankiertes R\u00fcckantwort-Couvert<\/li>\n<\/ul>\n\t<strong>ZuchtZulassungPr\u00fcfung <br>\n<\/strong>\n<p>Die n\u00e4chste Ank\u00f6rung findet am Samstag, <strong>10. April 2021<\/strong>, in Rifferswil auf dem Gel\u00e4nde des <a href=\"http:\/\/swrv.ch\" target=\"_blank\" rel=\"noopener\">SWRV<\/a> statt.<\/p>\n<p>Meldungen per <a href=\"http:\/\/scow.website\/?page_id=388\">Online<\/a> bis sp\u00e4testens <strong>NEU 19. M\u00e4rz 2021<\/strong>!<\/p>\n<table>\n<tbody>\n<tr>\n<td>\n<strong>Erg\u00e4nzende Informationen der WIG vom 04.03.2021 zur ZZP vom 10.04.2021 in Rifferswil<\/strong>\n<\/td>\n<\/tr>\n<tr>\n<td>\nDer WiG-Ausschuss hat die momentane &#8222;Corona-Lage&#8220; diskutiert.\n<\/td>\n<\/tr>\n<tr>\n<td>\nUnter den jetzigen Bedingungen des Bundes ist eine Durchf\u00fchrung der ZZP nicht m\u00f6glich (Verbot von Veranstaltungen).\nWir erwarten aber per Ende M\u00e4rz Lockerungen und rechnen damit, dass ab dann eine Durchf\u00fchrung m\u00f6glich sein sollte.\n<\/td>\n<\/tr>\n<tr>\n<td>\nDeshalb steht die Organisation f\u00fcr den Samstag, 10. April (Sonntag Reservetag, 11.April) fest.\n<\/td>\n<\/tr>\n<tr>\n<td>\nSollte eine Durchf\u00fchrung am 10.\/11 April aufgrund der Vorschriften des Bundes\/Kantone nicht m\u00f6glich sein, planen wir als Verschiebedatum den 8.\/9. Mai (Sonntag wieder Reservetag).\n<\/td>\n<\/tr>\n<tr>\n<td>\nAufgrund der Situation wurde die Anmeldefrist der WIG verl\u00e4ngert bis 20. M\u00e4rz 2021 (3 Wochen vor Pr\u00fcfung).\n<\/td>\n<\/tr>\n<tr>\n<td>\n<strong>Verl\u00e4ngerung Anmeldefrist SCOW neu bis 19. M\u00e4rz 2021!<\/strong>\n<\/td>\n<\/tr>\n<\/tbody>\n<\/table>\n\t<p><strong>Generalversammlung 2021<\/strong><\/p>\n<p>Die Covid-19 Situation in der Schweiz ist nach wie vor angespannt. Deshalb hat sich der Vorstand entschieden, die Generalversammlung nicht wie geplant, sondern angepasst gem\u00e4ss der Covid-19 Verordnung des Bundes ohne Pr\u00e4senz von Mitgliedern durchzuf\u00fchren.<\/p>\n<p>Die Unterlagen zur Generalversammlung wurden heute an alle Mitglieder per A-Post versandt.<\/p>\n<ul>\n<li>Informationsschreiben GV 2021<\/li>\n<li>Traktandenliste GV 2021<\/li>\n<li>Jahresbericht 2020 der Pr\u00e4sidentin<\/li>\n<li>Jahresbericht 2020 des Zuchtwartes<\/li>\n<li>Revisorenbericht<\/li>\n<li>Bericht des Kassiers mit Jahresrechnung &amp; Budget<\/li>\n<li>Antrag Anpassung\/Erg\u00e4nzung ZR<br>\n<em>Nachtrag zum Ausdruck:<br>\nDie SKG hat den Antrag vorgepru\u0308ft und am 17.02.2021 f\u00fcr in Ordnung befunden.<\/em><\/li>\n<li>Informationen zum Mitgliederausweis 2021<\/li>\n<li>Vorstand 2021<\/li>\n<li>Abstimmungsformular<\/li>\n<li>frankiertes R\u00fcckantwortcouvert<br>\nund<\/li>\n<li>Rechnung Mitgliederbeitrag 2021<\/li>\n<\/ul>\n<p>Den genauen Ablauf und die Fristen sind im Merkblatt \u00abInfoschreiben GV 2021\u00bb zu entnehmen.<\/p>\n<p>Mit der R\u00fccksendung des Abstimmungsformulars nehmen die Mitglieder Stimmrecht gem\u00e4ss Statuten wahr.<\/p>\n<p>Der Vorstand dankt allen Mitgliedern f\u00fcr das Verst\u00e4ndnis und die Unterst\u00fctzung.<\/p>\n<p>Beste Gr\u00fcsse und bleibt gesund!<\/p>\nBarbara Elsener-Herrmann<br>\nPr\u00e4sidentin SCOW\n","protected":false},"excerpt":{"rendered":"<p>Bereits schon vorbei &#8230;. Club-Solorennen 2021 Wann Samstag, 16. Oktober 2021 Wo Kleind\u00f6ttingen Rassen &nbsp;&#8211; Saluki &#8211; Sloughi &#8211; Afghanischer Windhund &#8211; Azawakh Rennleitung Vanessa Kunz (Rennleitung WRK) Medeschluss Mittwoch,&hellip;<\/p>\n","protected":false},"author":1,"featured_media":0,"parent":0,"menu_order":0,"comment_status":"closed","ping_status":"closed","template":"","meta":{"ngg_post_thumbnail":0,"footnotes":""},"class_list":["post-3065","page","type-page","status-publish","hentry"],"_links":{"self":[{"href":"https:\/\/whippet-windspielclub.ch\/index.php?rest_route=\/wp\/v2\/pages\/3065","targetHints":{"allow":["GET"]}}],"collection":[{"href":"https:\/\/whippet-windspielclub.ch\/index.php?rest_route=\/wp\/v2\/pages"}],"about":[{"href":"https:\/\/whippet-windspielclub.ch\/index.php?rest_route=\/wp\/v2\/types\/page"}],"author":[{"embeddable":true,"href":"https:\/\/whippet-windspielclub.ch\/index.php?rest_route=\/wp\/v2\/users\/1"}],"replies":[{"embeddable":true,"href":"https:\/\/whippet-windspielclub.ch\/index.php?rest_route=%2Fwp%2Fv2%2Fcomments&post=3065"}],"version-history":[{"count":51,"href":"https:\/\/whippet-windspielclub.ch\/index.php?rest_route=\/wp\/v2\/pages\/3065\/revisions"}],"predecessor-version":[{"id":3726,"href":"https:\/\/whippet-windspielclub.ch\/index.php?rest_route=\/wp\/v2\/pages\/3065\/revisions\/3726"}],"wp:attachment":[{"href":"https:\/\/whippet-windspielclub.ch\/index.php?rest_route=%2Fwp%2Fv2%2Fmedia&parent=3065"}],"curies":[{"name":"wp","href":"https:\/\/api.w.org\/{rel}","templated":true}]}}