{"id":3788,"date":"2022-01-16T15:24:31","date_gmt":"2022-01-16T15:24:31","guid":{"rendered":"https:\/\/scow.website\/?page_id=3788"},"modified":"2024-02-22T14:42:29","modified_gmt":"2024-02-22T14:42:29","slug":"verhaltensprofil-azawakh","status":"publish","type":"page","link":"https:\/\/whippet-windspielclub.ch\/?page_id=3788","title":{"rendered":"Verhaltensprofil: Azawakh"},"content":{"rendered":"\n\n\t<h1>Verhaltensprofil: Azawakh<\/h1>\n<p>\u201eWer den Azawakh verstehen will, muss seine Lebensweise in Afrika bedenken. Unter den archaischen, lebensfeindlichen Bedingungen der Halbw\u00fcste waren Wachsamkeit und instinktives Misstrauen unter Umst\u00e4nden lebenserhaltend.&#8220; (I. &amp; E. Schritt, 1991)<\/p>\n<p>Gutartig in friedlichen Situationen, alltagstauglich, lebhaft und aufmerksam aber vorsichtig, gelehrig, sozialvertr\u00e4glich, bleibt gegen\u00fcber ihm unbekannten Personen zur\u00fcckhaltend, bekannten Personen gegen\u00fcber jedoch sanft und zutraulich.<\/p>\n<p><strong>Erw\u00fcnschte Eigenschaften<\/strong><\/p>\n<table>\n<tbody>\n<tr>\n<td><strong>Bewegungsfreude \/ <\/strong><br \/>\n<strong> Temperament:<\/strong><\/td>\n<td>bewegungsfreudig, lebhaft, aufmerksam, spielfreudig, interessiert, temperamentvoll, ausdauernd.<\/td>\n<\/tr>\n<tr>\n\n\n<\/tr>\n<tr>\n<td><strong>Sicherheit:<\/strong>\n&nbsp;<\/td>\n<td>gegen\u00fcber Fremdpersonen reserviert, vorsichtig aber nicht aggressiv, gegen\u00fcber unerwarteten optischen und akustischen Einfl\u00fcssen vorsichtig aber interessiert.<\/td>\n<\/tr>\n<tr>\n\n\n<\/tr>\n<tr>\n<td><strong>Bindung:<\/strong><\/td>\n<td>vertrauensvolles Verh\u00e4ltnis zum Besitzer, verf\u00fcgt aber auch \u00fcber einen ausgepr\u00e4gten Individualismus.<\/td>\n<\/tr>\n<tr>\n\n\n<\/tr>\n<tr>\n<td><strong>Belastbarkeit:<br \/>\n<\/strong><\/td>\n<td>Erw\u00fcnscht ist eine gewisse Belastbarkeit d.h. rasches \u00fcberwinden oder vergessen unangenehmer, nicht aber schmerzvoller Erfahrungen.<\/td>\n<\/tr>\n<tr>\n\n\n<\/tr>\n<tr>\n<td><strong>Hetzfreude:<\/strong><\/td>\n<td>ausgepr\u00e4gter Hetz- und Jagdtrieb.<\/td>\n<\/tr>\n<\/tbody>\n<\/table>\n<p>&nbsp;<\/p>\n<strong>Unerw\u00fcnschte Eigenschaften (zuchtausschliessend)<br \/>\n<\/strong>\n<table>\n<tbody>\n<tr>\n<td><strong>Grosse Fluchttendenz<br \/>\n<\/strong><\/td>\n<td>herr\u00fchrend von \u00fcbertriebener Scheu vor allem Ungewohnten, \u00fcbersteigerte anhaltende Angst vor Fremdpersonen, vor bestimmten optischen und akustischen Einfl\u00fcssen.<\/td>\n<\/tr>\n<tr>\n\n\n<\/tr>\n<tr>\n<td><strong>Aggression (defensiv):<\/strong><\/td>\n<td>angstbedingte unerw\u00fcnschte Sch\u00e4rfe bei Unterschreitung der kritischen Distanz (Fluchtdistanz) durch Personen oder Tiere (Knurren, Z\u00e4hnefletschen, Angstbeissen).<\/td>\n<\/tr>\n<tr>\n<td><strong>\u00a0<\/strong><\/td>\n\n<\/tr>\n<tr>\n<td><strong>Offensive Aggression (aktiv):<\/strong><\/td>\n<td>sehr aggressive-feindselige Grundstimmung, ausserordentlich niedere Reizschwelle, sofortiges Zubeissen nicht aus Angst sondern aus dem Bewusstsein der Starke und Dominanz.<\/td>\n<\/tr>\n<tr>\n<td><strong>\u00a0<\/strong><\/td>\n\n<\/tr>\n<tr>\n<td><strong>Ausgepr\u00e4gter Kampftrieb:<\/strong><\/td>\n<td>ausgepr\u00e4gter Drang zum Angreifen, K\u00e4mpfen, Raufen.<\/td>\n<\/tr>\n<\/tbody>\n<\/table>\n<em>Dieses Verhaltensprofil wurde vom CAS \u00fcbernommen. JGW 020407<br \/>\n<\/em>\n\n","protected":false},"excerpt":{"rendered":"<p>Verhaltensprofil: Azawakh \u201eWer den Azawakh verstehen will, muss seine Lebensweise in Afrika bedenken. Unter den archaischen, lebensfeindlichen Bedingungen der Halbw\u00fcste waren Wachsamkeit und instinktives Misstrauen unter Umst\u00e4nden lebenserhaltend.&#8220; (I. &amp;&hellip;<\/p>\n","protected":false},"author":1,"featured_media":0,"parent":0,"menu_order":0,"comment_status":"closed","ping_status":"closed","template":"","meta":{"ngg_post_thumbnail":0,"footnotes":""},"class_list":["post-3788","page","type-page","status-publish","hentry"],"_links":{"self":[{"href":"https:\/\/whippet-windspielclub.ch\/index.php?rest_route=\/wp\/v2\/pages\/3788","targetHints":{"allow":["GET"]}}],"collection":[{"href":"https:\/\/whippet-windspielclub.ch\/index.php?rest_route=\/wp\/v2\/pages"}],"about":[{"href":"https:\/\/whippet-windspielclub.ch\/index.php?rest_route=\/wp\/v2\/types\/page"}],"author":[{"embeddable":true,"href":"https:\/\/whippet-windspielclub.ch\/index.php?rest_route=\/wp\/v2\/users\/1"}],"replies":[{"embeddable":true,"href":"https:\/\/whippet-windspielclub.ch\/index.php?rest_route=%2Fwp%2Fv2%2Fcomments&post=3788"}],"version-history":[{"count":12,"href":"https:\/\/whippet-windspielclub.ch\/index.php?rest_route=\/wp\/v2\/pages\/3788\/revisions"}],"predecessor-version":[{"id":5663,"href":"https:\/\/whippet-windspielclub.ch\/index.php?rest_route=\/wp\/v2\/pages\/3788\/revisions\/5663"}],"wp:attachment":[{"href":"https:\/\/whippet-windspielclub.ch\/index.php?rest_route=%2Fwp%2Fv2%2Fmedia&parent=3788"}],"curies":[{"name":"wp","href":"https:\/\/api.w.org\/{rel}","templated":true}]}}