{"id":616,"date":"2018-02-03T18:46:00","date_gmt":"2018-02-03T18:46:00","guid":{"rendered":"http:\/\/scow.website\/?page_id=616"},"modified":"2024-01-24T17:41:02","modified_gmt":"2024-01-24T17:41:02","slug":"wesensrichter-skg-wr-r","status":"publish","type":"page","link":"https:\/\/whippet-windspielclub.ch\/?page_id=616","title":{"rendered":"Wesensrichter (SKG WR R)"},"content":{"rendered":"\n\n\t<h2><strong>Wesens- &amp; Verhaltungsrichter SKG mit Rassespezialisierung<br \/>\n<\/strong><\/h2>\n\t<h2><strong>in unserem Rasseclub<\/strong><\/h2>\n<p>mit Angabe zur Rassespezialisierung<\/p>\n\t<h2><strong>\u00a0<\/strong><\/h2>\n<p><strong>Spezialisierung<\/strong><\/p>\n\t<p><strong>Ren\u00e9e Devaux<\/strong><\/p>\n\t<p>Im H\u00e4gni 50<br \/>3294 B\u00fcren an der Aare\u00a0<br \/>Tel. P: 032 351 36 83<br \/>Tel. G: 032 351 40 33<br \/><a href=\"&#109;a&#105;l&#116;o&#x3a;d&#x65;e&#x72;h&#x75;n&#x74;e&#x72;s&#x40;d&#x70;l&#x61;n&#x65;&#116;&#x2e;&#99;&#x68;\">&#x64;&#101;&#x65;&#x72;&#104;&#x75;&#110;t&#x65;&#114;s&#x40;&#100;p&#x6c;&#97;n&#x65;&#116;&#x2e;&#x63;&#104;<\/a>\u00a0<\/p>\n\t<p>Windhunde der Gruppe 5 &amp; 10<\/p>\n\t<p><strong>Barbara Elsener-Herrmann<br \/><\/strong><\/p>\n\t<p>Sternenweg 4<br \/>6340 Baar<br \/>Tel. P: 041 763 11 63<br \/>Tel. G: 041 720 15 15<br \/><a href=\"mai&#108;&#116;&#111;&#58;&#x65;&#x6c;&#x73;&#x65;&#x6e;&#x65;&#x72;&#64;fi&#98;&#117;&#116;&#105;&#109;&#x65;&#x2e;&#x67;&#x6d;&#x62;&#x68;\">&#101;&#x6c;&#x73;e&#110;&#x65;r&#64;&#x66;i&#98;&#x75;t&#105;&#x6d;&#x65;&#46;&#x67;&#x6d;b&#104;<\/a><\/p>\n\t<p>Windhunde FCI-Gruppe 5 &amp; 10, Pudel, Boston Terrier, Havaneser, <em>alle vom<\/em> Schweizer Club f\u00fcr Schnauzer &amp; Pinscher, Schweizerischen Kleinhunde-Club, Schweizer Klub f\u00fcr nordische Hunde, Schweizer Club f\u00fcr Spitze und Spaniel-Club Schweiz <em>betreute Rassen<\/em>, Sheltie sowie Magyar Vizsla<\/p>\n\t<p><strong>Weitere gew\u00e4hlte Wesensrichter<\/strong><\/p>\n<table>\n<tbody>\n<tr>\n<td><strong>Isabel B\u00e4nziger Weidmann<\/strong><\/td>\n<\/tr>\n<tr>\n<td><strong>Hansueli Beer<br \/>\n<\/strong><\/td>\n<\/tr>\n<tr>\n<td><strong>Silke Hopf<\/strong><\/td>\n<\/tr>\n<\/tbody>\n<\/table>\n<p>&nbsp;<\/p>\n\t<p><strong>\u00a0<\/strong><\/p>\n<table>\n<tbody>\n<tr>\n<td>\u00a0<a href=\"&#109;&#x61;&#105;&#x6c;t&#111;&#x3a;&#105;&#x73;a&#x62;e&#108;&#x2e;&#98;&#x61;e&#x6e;&#x7a;&#105;&#x67;e&#x72;&#64;&#115;&#x77;&#105;&#x73;s&#x6f;n&#108;&#x69;&#110;&#x65;&#46;&#99;&#x68;\">&#105;&#x73;a&#98;&#x65;l&#x2e;&#x62;&#97;&#x65;n&#122;&#x69;g&#101;&#x72;&#64;&#x73;w&#105;&#x73;s&#111;&#x6e;&#108;&#x69;&#x6e;&#101;&#x2e;c&#104;<\/a><\/td>\n<\/tr>\n<tr>\n<td><a href=\"m&#97;&#x69;&#x6c;t&#111;&#x3a;&#x68;u&#98;&#x65;&#x65;r&#64;&#x62;&#x6c;u&#101;&#x77;&#x69;n&#46;&#99;&#x68;\">\u00a0&#x68;u&#98;&#x65;&#x65;r&#64;&#x62;&#x6c;u&#101;&#x77;&#x69;n&#46;&#x63;&#x68;<\/a><\/td>\n<\/tr>\n<tr>\n<td>\u00a0<a href=\"m&#97;&#105;&#x6c;&#x74;&#x6f;:&#104;&#111;&#x70;&#x66;&#x40;ho&#112;&#x66;&#x77;&#x69;rt&#104;&#46;&#x63;&#x68;\">&#x68;&#x6f;&#112;&#102;&#64;h&#x6f;&#x70;&#x66;&#119;ir&#x74;&#x68;&#x2e;&#99;&#104;<\/a><\/td>\n<\/tr>\n<\/tbody>\n<\/table>\n<p>&nbsp;<\/p>\n\t<p>&nbsp;<\/p>\n<table>\n<tbody>\n<tr>\n<td>Windhunde FCI-Gruppe 5 &amp; 10<\/td>\n<\/tr>\n<tr>\n<td>Windhunde FCI-Gruppe 5 &amp; 10<\/td>\n<\/tr>\n<tr>\n<td>Windhunde FCI-Gruppe 5 &amp; 10<\/td>\n<\/tr>\n<\/tbody>\n<\/table>\n\n","protected":false},"excerpt":{"rendered":"<p>Wesens- &amp; Verhaltungsrichter SKG mit Rassespezialisierung in unserem Rasseclub mit Angabe zur Rassespezialisierung \u00a0 Spezialisierung Ren\u00e9e Devaux Im H\u00e4gni 503294 B\u00fcren an der Aare\u00a0Tel. P: 032 351 36 83Tel. G:&hellip;<\/p>\n","protected":false},"author":1,"featured_media":0,"parent":0,"menu_order":0,"comment_status":"closed","ping_status":"closed","template":"","meta":{"ngg_post_thumbnail":0,"footnotes":""},"class_list":["post-616","page","type-page","status-publish","hentry"],"_links":{"self":[{"href":"https:\/\/whippet-windspielclub.ch\/index.php?rest_route=\/wp\/v2\/pages\/616","targetHints":{"allow":["GET"]}}],"collection":[{"href":"https:\/\/whippet-windspielclub.ch\/index.php?rest_route=\/wp\/v2\/pages"}],"about":[{"href":"https:\/\/whippet-windspielclub.ch\/index.php?rest_route=\/wp\/v2\/types\/page"}],"author":[{"embeddable":true,"href":"https:\/\/whippet-windspielclub.ch\/index.php?rest_route=\/wp\/v2\/users\/1"}],"replies":[{"embeddable":true,"href":"https:\/\/whippet-windspielclub.ch\/index.php?rest_route=%2Fwp%2Fv2%2Fcomments&post=616"}],"version-history":[{"count":38,"href":"https:\/\/whippet-windspielclub.ch\/index.php?rest_route=\/wp\/v2\/pages\/616\/revisions"}],"predecessor-version":[{"id":3454,"href":"https:\/\/whippet-windspielclub.ch\/index.php?rest_route=\/wp\/v2\/pages\/616\/revisions\/3454"}],"wp:attachment":[{"href":"https:\/\/whippet-windspielclub.ch\/index.php?rest_route=%2Fwp%2Fv2%2Fmedia&parent=616"}],"curies":[{"name":"wp","href":"https:\/\/api.w.org\/{rel}","templated":true}]}}