{"id":664,"date":"2018-02-04T14:19:40","date_gmt":"2018-02-04T14:19:40","guid":{"rendered":"http:\/\/scow.website\/?page_id=664"},"modified":"2023-03-05T17:40:20","modified_gmt":"2023-03-05T17:40:20","slug":"gewinner-jahreswertungen","status":"publish","type":"page","link":"https:\/\/whippet-windspielclub.ch\/?page_id=664","title":{"rendered":"Gewinner Jahreswertungen SCOW"},"content":{"rendered":"\n<p><strong>Gewinn der Jahreswertungen der Jahre 2010 &#8211; 2022<\/strong><\/p>\n<p><strong>Hinweis:<\/strong><\/p>\n<p>Alle Dokumente werden in einem neuen Fenster als PDF ge\u00f6ffnet.<\/p>\n<table>\n<tbody>\n<tr>\n<td><strong> 2022<\/strong><\/td>\n<td><a href=\"https:\/\/whippet-windspielclub.ch\/wp-content\/uploads\/2023\/03\/2022-Jahreswertung-Top-Ten.pdf\" target=\"_blank\" rel=\"noopener\">Top-Ten<\/a><\/td>\n<td><a href=\"https:\/\/whippet-windspielclub.ch\/wp-content\/uploads\/2023\/03\/2022-Jahreswertung-S-und-L.pdf\" target=\"_blank\" rel=\"noopener\">Sch\u00f6nheit &amp; Leistung<\/a><\/td>\n<td><a href=\"https:\/\/whippet-windspielclub.ch\/wp-content\/uploads\/2023\/03\/2022-Jahreswertung-Club-Champion.pdf\" target=\"_blank\" rel=\"noopener\">Club-Champion<\/a><\/td>\n\n<\/tr>\n<tr>\n<td><strong> 2021<\/strong><\/td>\n<td><a href=\"https:\/\/whippet-windspielclub.ch\/wp-content\/uploads\/2022\/01\/2021-Top-Ten.pdf\" target=\"_blank\" rel=\"noopener\">Top-Ten<\/a><\/td>\n<td><a href=\"https:\/\/whippet-windspielclub.ch\/wp-content\/uploads\/2022\/01\/2021-S-L.pdf\" target=\"_blank\" rel=\"noopener\">Sch\u00f6nheit &amp; Leistung<\/a><\/td>\n<td><a href=\"https:\/\/whippet-windspielclub.ch\/wp-content\/uploads\/2022\/01\/2021-Club-Champion.pdf\" target=\"_blank\" rel=\"noopener\">Club-Champion<\/a><\/td>\n\n<\/tr>\n<tr>\n<td><strong>2020<\/strong><\/td>\n<td colspan=\"4\"><em>keine Jahreswertungen infolge Absagen der Veranstaltungen durch die Covid-19 Pandemie<\/em><\/td>\n<\/tr>\n<tr>\n<td><strong>2019<\/strong><\/td>\n<td><a href=\"http:\/\/scow.website\/wp-content\/uploads\/2020\/02\/2019-Top-Ten.pdf\" target=\"_blank\" rel=\"noopener\">Top-Ten<\/a><\/td>\n<td><a href=\"http:\/\/scow.website\/wp-content\/uploads\/2020\/02\/2019-S-L.pdf\" target=\"_blank\" rel=\"noopener\">Sch\u00f6nheit &amp; Leistung<\/a><\/td>\n<td><a href=\"http:\/\/scow.website\/wp-content\/uploads\/2020\/02\/2019-Club-Champion-Gewinner.pdf\" target=\"_blank\" rel=\"noopener\">Club-Champion<\/a><\/td>\n\n<\/tr>\n<tr>\n<td><strong>2018<\/strong><\/td>\n<td><a href=\"http:\/\/scow.website\/wp-content\/uploads\/2019\/03\/2018-Top-Ten.pdf\" target=\"_blank\" rel=\"noopener noreferrer\">Top-Ten<\/a><\/td>\n<td><a href=\"http:\/\/scow.website\/wp-content\/uploads\/2019\/03\/2018-S-L.pdf\" target=\"_blank\" rel=\"noopener noreferrer\">Sch\u00f6nheit &amp; Leistung<\/a><\/td>\n<td><a href=\"http:\/\/scow.website\/wp-content\/uploads\/2019\/03\/2018-Club-Champion.pdf\" target=\"_blank\" rel=\"noopener noreferrer\">Club-Champion<\/a><\/td>\n\n<\/tr>\n<tr>\n<td><strong>2017<\/strong><\/td>\n<td><a href=\"http:\/\/scow.website\/wp-content\/uploads\/2018\/02\/2017-Top-Ten.pdf\" target=\"_blank\" rel=\"noopener noreferrer\">Top Ten<\/a><\/td>\n<td><a href=\"http:\/\/scow.website\/wp-content\/uploads\/2018\/02\/2017-S-L.pdf\" target=\"_blank\" rel=\"noopener noreferrer\">Sch\u00f6nheit &amp; Leistung<\/a><\/td>\n<td><a href=\"http:\/\/scow.website\/wp-content\/uploads\/2018\/02\/2017-Club-Champion.pdf\" target=\"_blank\" rel=\"noopener noreferrer\">Club-Champion<\/a><\/td>\n\n<\/tr>\n<tr>\n<td><strong>2016<\/strong><\/td>\n<td><a href=\"http:\/\/scow.website\/wp-content\/uploads\/2018\/02\/2016-Top-Ten.pdf\" target=\"_blank\" rel=\"noopener noreferrer\">Top Ten<\/a><\/td>\n<td><a href=\"http:\/\/scow.website\/wp-content\/uploads\/2018\/02\/2016-S-L.pdf\" target=\"_blank\" rel=\"noopener noreferrer\">Sch\u00f6nheit &amp; Leistung<\/a><\/td>\n<td><a href=\"http:\/\/scow.website\/wp-content\/uploads\/2018\/02\/2016-Club-Champion.pdf\" target=\"_blank\" rel=\"noopener noreferrer\">Club-Champion<\/a><\/td>\n\n<\/tr>\n<tr>\n<td><strong>2015<\/strong><\/td>\n<td><a href=\"http:\/\/scow.website\/wp-content\/uploads\/2018\/02\/2015-Top-Ten.pdf\" target=\"_blank\" rel=\"noopener noreferrer\">Top Ten<\/a><\/td>\n<td><a href=\"http:\/\/scow.website\/wp-content\/uploads\/2018\/02\/2015-S-L.pdf\" target=\"_blank\" rel=\"noopener noreferrer\">Sch\u00f6nheit &amp; Leistung<\/a><\/td>\n<td><a href=\"http:\/\/scow.website\/wp-content\/uploads\/2018\/02\/2015-Club-Champion.pdf\" target=\"_blank\" rel=\"noopener noreferrer\">Club-Champion<\/a><\/td>\n\n<\/tr>\n<tr>\n<td><strong>2014<\/strong><\/td>\n<td><a href=\"http:\/\/scow.website\/wp-content\/uploads\/2018\/02\/2014-Top-Ten.pdf\" target=\"_blank\" rel=\"noopener noreferrer\">Top Ten<\/a><\/td>\n<td><a href=\"http:\/\/scow.website\/wp-content\/uploads\/2018\/02\/2014-S-L.pdf\" target=\"_blank\" rel=\"noopener noreferrer\">Sch\u00f6nheit &amp; Leistung<\/a><\/td>\n<td><a href=\"http:\/\/scow.website\/wp-content\/uploads\/2018\/02\/2014-Club-Champion.pdf\" target=\"_blank\" rel=\"noopener noreferrer\">Club-Champion<\/a><\/td>\n\n<\/tr>\n<tr>\n<td><strong>2013<\/strong><\/td>\n<td><a href=\"http:\/\/scow.website\/wp-content\/uploads\/2018\/02\/2013-Top-Ten.pdf\" target=\"_blank\" rel=\"noopener noreferrer\">Top Ten<\/a><\/td>\n<td><a href=\"http:\/\/scow.website\/wp-content\/uploads\/2018\/02\/2013-S-L.pdf\" target=\"_blank\" rel=\"noopener noreferrer\">Sch\u00f6nheit &amp; Leistung<\/a><\/td>\n<td><a href=\"http:\/\/scow.website\/wp-content\/uploads\/2018\/02\/2013-Club-Champion.pdf\" target=\"_blank\" rel=\"noopener noreferrer\">Club-Champion<\/a><\/td>\n\n<\/tr>\n<tr>\n<td><strong>2012<\/strong><\/td>\n<td><a href=\"http:\/\/scow.website\/wp-content\/uploads\/2018\/02\/2012-Top-Ten.pdf\" target=\"_blank\" rel=\"noopener noreferrer\">Top Ten<\/a><\/td>\n<td><a href=\"http:\/\/scow.website\/wp-content\/uploads\/2018\/02\/2012-S-L.pdf\" target=\"_blank\" rel=\"noopener noreferrer\">Sch\u00f6nheit &amp; Leistung<\/a><\/td>\n<td><a href=\"http:\/\/scow.website\/wp-content\/uploads\/2018\/02\/2012-Club-Champion.pdf\" target=\"_blank\" rel=\"noopener noreferrer\">Club-Champion<\/a><\/td>\n\n<\/tr>\n<tr>\n<td><strong>2011<\/strong><\/td>\n<td><a href=\"http:\/\/scow.website\/wp-content\/uploads\/2018\/02\/2011-Top-Ten.pdf\" target=\"_blank\" rel=\"noopener noreferrer\">Top Ten<\/a><\/td>\n<td><a href=\"http:\/\/scow.website\/wp-content\/uploads\/2018\/02\/2011-S-L.pdf\" target=\"_blank\" rel=\"noopener noreferrer\">Sch\u00f6nheit &amp; Leistung<\/a><\/td>\n<td><a href=\"http:\/\/scow.website\/wp-content\/uploads\/2018\/02\/2011-Club-Champion.pdf\" target=\"_blank\" rel=\"noopener noreferrer\">Club-Champion<\/a><\/td>\n\n<\/tr>\n<tr>\n<td><strong>2010<\/strong><\/td>\n<td><a href=\"http:\/\/scow.website\/wp-content\/uploads\/2018\/02\/2010-Top-Ten.pdf\" target=\"_blank\" rel=\"noopener noreferrer\">Top Ten<\/a><\/td>\n<td><a href=\"http:\/\/scow.website\/wp-content\/uploads\/2018\/02\/2010-S-L.pdf\" target=\"_blank\" rel=\"noopener noreferrer\">Sch\u00f6nheit &amp; Leistung<\/a><\/td>\n<td><a href=\"http:\/\/scow.website\/wp-content\/uploads\/2018\/02\/2010-Club-Champion.pdf\" target=\"_blank\" rel=\"noopener noreferrer\">Club-Champion<\/a><\/td>\n\n<\/tr>\n<\/tbody>\n<\/table>\n<p>&nbsp;<\/p>\n\t<table>\n<tbody>\n<tr>\n<td>\n<div id=\"attachment_1743\" style=\"width: 310px\" class=\"wp-caption alignnone\"><img loading=\"lazy\" decoding=\"async\" aria-describedby=\"caption-attachment-1743\" src=\"http:\/\/scow.website\/wp-content\/uploads\/2019\/03\/2018-Club-Champion-Gewinner-300x146.jpg\" alt=\"\" width=\"300\" height=\"146\"><p id=\"caption-attachment-1743\" class=\"wp-caption-text\">Stolz pr\u00e4sentieren die Club-Champion-Gewinner 2018 ihren Pokal<\/p><\/div><\/td>\n<\/tr>\n<tr>\n\n<\/tr>\n<tr>\n<td>\n<div id=\"attachment_766\" style=\"width: 310px\" class=\"wp-caption alignnone\"><img loading=\"lazy\" decoding=\"async\" aria-describedby=\"caption-attachment-766\" src=\"http:\/\/scow.website\/wp-content\/uploads\/2018\/02\/2017-Club-Champion-Gewinner-300x211.jpg\" alt=\"\" width=\"300\" height=\"211\"><p id=\"caption-attachment-766\" class=\"wp-caption-text\">Stolz pr\u00e4sentieren die Club-Champion-Gewinner 2017 ihren Pokal<\/p><\/div><\/td>\n<\/tr>\n<tr>\n\n<\/tr>\n<\/tbody>\n<\/table>\n","protected":false},"excerpt":{"rendered":"<p>Gewinn der Jahreswertungen der Jahre 2010 &#8211; 2022 Hinweis: Alle Dokumente werden in einem neuen Fenster als PDF ge\u00f6ffnet. 2022 Top-Ten Sch\u00f6nheit &amp; Leistung Club-Champion 2021 Top-Ten Sch\u00f6nheit &amp; Leistung&hellip;<\/p>\n","protected":false},"author":1,"featured_media":0,"parent":0,"menu_order":0,"comment_status":"closed","ping_status":"closed","template":"","meta":{"ngg_post_thumbnail":0,"footnotes":""},"class_list":["post-664","page","type-page","status-publish","hentry"],"_links":{"self":[{"href":"https:\/\/whippet-windspielclub.ch\/index.php?rest_route=\/wp\/v2\/pages\/664","targetHints":{"allow":["GET"]}}],"collection":[{"href":"https:\/\/whippet-windspielclub.ch\/index.php?rest_route=\/wp\/v2\/pages"}],"about":[{"href":"https:\/\/whippet-windspielclub.ch\/index.php?rest_route=\/wp\/v2\/types\/page"}],"author":[{"embeddable":true,"href":"https:\/\/whippet-windspielclub.ch\/index.php?rest_route=\/wp\/v2\/users\/1"}],"replies":[{"embeddable":true,"href":"https:\/\/whippet-windspielclub.ch\/index.php?rest_route=%2Fwp%2Fv2%2Fcomments&post=664"}],"version-history":[{"count":28,"href":"https:\/\/whippet-windspielclub.ch\/index.php?rest_route=\/wp\/v2\/pages\/664\/revisions"}],"predecessor-version":[{"id":4904,"href":"https:\/\/whippet-windspielclub.ch\/index.php?rest_route=\/wp\/v2\/pages\/664\/revisions\/4904"}],"wp:attachment":[{"href":"https:\/\/whippet-windspielclub.ch\/index.php?rest_route=%2Fwp%2Fv2%2Fmedia&parent=664"}],"curies":[{"name":"wp","href":"https:\/\/api.w.org\/{rel}","templated":true}]}}